{"id":16421,"date":"2020-04-28T06:51:31","date_gmt":"2020-04-28T05:51:31","guid":{"rendered":"https:\/\/love2dogs.de\/?page_id=16421"},"modified":"2021-05-05T09:41:39","modified_gmt":"2021-05-05T08:41:39","slug":"shipping-policy","status":"publish","type":"page","link":"https:\/\/love2dogs.de\/sk\/shipping-policy\/","title":{"rendered":"Z\u00e1sady prepravy"},"content":{"rendered":"\t\t<div data-elementor-type=\"wp-post\" data-elementor-id=\"16421\" class=\"elementor elementor-16421\" data-elementor-post-type=\"page\">\n\t\t\t\t\t\t<section class=\"elementor-section elementor-top-section elementor-element elementor-element-6c04a0a elementor-hidden-phone elementor-section-boxed elementor-section-height-default elementor-section-height-default\" data-id=\"6c04a0a\" data-element_type=\"section\" data-e-type=\"section\" data-settings=\"{&quot;background_background&quot;:&quot;classic&quot;,&quot;sticky&quot;:&quot;top&quot;,&quot;sticky_on&quot;:[&quot;desktop&quot;,&quot;tablet&quot;],&quot;animation&quot;:&quot;none&quot;,&quot;animation_mobile&quot;:&quot;slideInDown&quot;,&quot;sticky_offset&quot;:0,&quot;sticky_effects_offset&quot;:0,&quot;sticky_anchor_link_offset&quot;:0}\">\n\t\t\t\t\t\t<div class=\"elementor-container elementor-column-gap-default\">\n\t\t\t\t\t<div class=\"elementor-column elementor-col-100 elementor-top-column elementor-element elementor-element-22e7a2b5\" data-id=\"22e7a2b5\" data-element_type=\"column\" data-e-type=\"column\" data-settings=\"{&quot;background_background&quot;:&quot;classic&quot;}\">\n\t\t\t<div class=\"elementor-widget-wrap elementor-element-populated\">\n\t\t\t\t\t\t<div class=\"elementor-element elementor-element-14617343 elementor-widget elementor-widget-heading\" data-id=\"14617343\" data-element_type=\"widget\" data-e-type=\"widget\" data-widget_type=\"heading.default\">\n\t\t\t\t<div class=\"elementor-widget-container\">\n\t\t\t\t\t<h2 class=\"elementor-heading-title elementor-size-default\">SALE: 50% OFF TODAY<\/h2>\t\t\t\t<\/div>\n\t\t\t\t<\/div>\n\t\t\t\t\t<\/div>\n\t\t<\/div>\n\t\t\t\t\t<\/div>\n\t\t<\/section>\n\t\t\t\t<header class=\"elementor-section elementor-top-section elementor-element elementor-element-625a61a1 elementor-section-content-middle elementor-hidden-phone elementor-section-boxed elementor-section-height-default elementor-section-height-default\" data-id=\"625a61a1\" data-element_type=\"section\" data-e-type=\"section\" data-settings=\"{&quot;background_background&quot;:&quot;classic&quot;,&quot;sticky&quot;:&quot;top&quot;,&quot;sticky_on&quot;:[&quot;desktop&quot;,&quot;tablet&quot;],&quot;sticky_offset&quot;:43,&quot;sticky_effects_offset&quot;:0,&quot;sticky_anchor_link_offset&quot;:0}\">\n\t\t\t\t\t\t<div class=\"elementor-container elementor-column-gap-no\">\n\t\t\t\t\t<div class=\"elementor-column elementor-col-50 elementor-top-column elementor-element elementor-element-7d73dce8 elementor-hidden-phone\" data-id=\"7d73dce8\" data-element_type=\"column\" data-e-type=\"column\">\n\t\t\t<div class=\"elementor-widget-wrap elementor-element-populated\">\n\t\t\t\t\t\t<div class=\"elementor-element elementor-element-26f79fe3 elementor-hidden-phone elementor-widget elementor-widget-theme-site-logo elementor-widget-image\" data-id=\"26f79fe3\" data-element_type=\"widget\" data-e-type=\"widget\" data-widget_type=\"theme-site-logo.default\">\n\t\t\t\t<div class=\"elementor-widget-container\">\n\t\t\t\t\t\t\t\t\t\t\t<a href=\"https:\/\/love2dogs.de\/sk\/\">\n\t\t\t<img fetchpriority=\"high\" decoding=\"async\" width=\"1280\" height=\"364\" src=\"https:\/\/love2dogs.de\/wp-content\/uploads\/2020\/07\/LOVE2DOGS-1.jpg\" class=\"attachment-full size-full wp-image-31524\" alt=\"\" srcset=\"https:\/\/love2dogs.de\/wp-content\/uploads\/2020\/07\/LOVE2DOGS-1.jpg 1280w, https:\/\/love2dogs.de\/wp-content\/uploads\/2020\/07\/LOVE2DOGS-1-300x85.jpg 300w, https:\/\/love2dogs.de\/wp-content\/uploads\/2020\/07\/LOVE2DOGS-1-768x218.jpg 768w, https:\/\/love2dogs.de\/wp-content\/uploads\/2020\/07\/LOVE2DOGS-1-1024x291.jpg 1024w, https:\/\/love2dogs.de\/wp-content\/uploads\/2020\/07\/LOVE2DOGS-1-600x171.jpg 600w\" sizes=\"(max-width: 1280px) 100vw, 1280px\" \/>\t\t\t\t<\/a>\n\t\t\t\t\t\t\t\t\t\t\t<\/div>\n\t\t\t\t<\/div>\n\t\t\t\t\t<\/div>\n\t\t<\/div>\n\t\t\t\t<div class=\"elementor-column elementor-col-50 elementor-top-column elementor-element elementor-element-3096f3bd\" data-id=\"3096f3bd\" data-element_type=\"column\" data-e-type=\"column\">\n\t\t\t<div class=\"elementor-widget-wrap elementor-element-populated\">\n\t\t\t\t\t\t<div class=\"elementor-element elementor-element-6d36a027 elementor-align-right elementor-tablet-align-right elementor-hidden-phone elementor-widget elementor-widget-button\" data-id=\"6d36a027\" data-element_type=\"widget\" data-e-type=\"widget\" data-widget_type=\"button.default\">\n\t\t\t\t<div class=\"elementor-widget-container\">\n\t\t\t\t\t\t\t\t\t<div class=\"elementor-button-wrapper\">\n\t\t\t\t\t<a class=\"elementor-button elementor-button-link elementor-size-sm elementor-animation-grow\" href=\"https:\/\/love2dogs.de\/\">\n\t\t\t\t\t\t<span class=\"elementor-button-content-wrapper\">\n\t\t\t\t\t\t\t\t\t<span class=\"elementor-button-text\">Shop now<\/span>\n\t\t\t\t\t<\/span>\n\t\t\t\t\t<\/a>\n\t\t\t\t<\/div>\n\t\t\t\t\t\t\t\t<\/div>\n\t\t\t\t<\/div>\n\t\t\t\t\t<\/div>\n\t\t<\/div>\n\t\t\t\t\t<\/div>\n\t\t<\/header>\n\t\t\t\t<section class=\"elementor-section elementor-top-section elementor-element elementor-element-2bd10e4c elementor-hidden-desktop elementor-hidden-tablet elementor-section-boxed elementor-section-height-default elementor-section-height-default\" data-id=\"2bd10e4c\" data-element_type=\"section\" data-e-type=\"section\" data-settings=\"{&quot;background_background&quot;:&quot;classic&quot;,&quot;sticky&quot;:&quot;top&quot;,&quot;sticky_on&quot;:[&quot;mobile&quot;],&quot;animation&quot;:&quot;none&quot;,&quot;animation_mobile&quot;:&quot;slideInDown&quot;,&quot;sticky_offset&quot;:0,&quot;sticky_effects_offset&quot;:0,&quot;sticky_anchor_link_offset&quot;:0}\">\n\t\t\t\t\t\t<div class=\"elementor-container elementor-column-gap-default\">\n\t\t\t\t\t<div class=\"elementor-column elementor-col-100 elementor-top-column elementor-element elementor-element-c2f3557\" data-id=\"c2f3557\" data-element_type=\"column\" data-e-type=\"column\" data-settings=\"{&quot;background_background&quot;:&quot;classic&quot;}\">\n\t\t\t<div class=\"elementor-widget-wrap elementor-element-populated\">\n\t\t\t\t\t<div class=\"elementor-background-overlay\"><\/div>\n\t\t\t\t\t\t<div class=\"elementor-element elementor-element-40fec8df elementor-widget elementor-widget-heading\" data-id=\"40fec8df\" data-element_type=\"widget\" data-e-type=\"widget\" data-widget_type=\"heading.default\">\n\t\t\t\t<div class=\"elementor-widget-container\">\n\t\t\t\t\t<h2 class=\"elementor-heading-title elementor-size-default\">SALE: 50% OFF TODAY<\/h2>\t\t\t\t<\/div>\n\t\t\t\t<\/div>\n\t\t\t\t\t<\/div>\n\t\t<\/div>\n\t\t\t\t\t<\/div>\n\t\t<\/section>\n\t\t\t\t<section class=\"elementor-section elementor-top-section elementor-element elementor-element-655a071e elementor-hidden-desktop elementor-hidden-tablet elementor-section-boxed elementor-section-height-default elementor-section-height-default\" data-id=\"655a071e\" data-element_type=\"section\" data-e-type=\"section\" data-settings=\"{&quot;background_background&quot;:&quot;classic&quot;,&quot;sticky&quot;:&quot;top&quot;,&quot;sticky_on&quot;:[&quot;mobile&quot;],&quot;animation&quot;:&quot;none&quot;,&quot;animation_mobile&quot;:&quot;slideInDown&quot;,&quot;sticky_offset&quot;:40,&quot;sticky_effects_offset&quot;:0,&quot;sticky_anchor_link_offset&quot;:0}\">\n\t\t\t\t\t\t<div class=\"elementor-container elementor-column-gap-default\">\n\t\t\t\t\t<div class=\"elementor-column elementor-col-100 elementor-top-column elementor-element elementor-element-775c4f81\" data-id=\"775c4f81\" data-element_type=\"column\" data-e-type=\"column\">\n\t\t\t<div class=\"elementor-widget-wrap elementor-element-populated\">\n\t\t\t\t\t\t<div class=\"elementor-element elementor-element-35cabea4 elementor-align-center elementor-tablet-align-left elementor-mobile-align-center elementor-hidden-desktop elementor-hidden-tablet elementor-widget elementor-widget-button\" data-id=\"35cabea4\" data-element_type=\"widget\" data-e-type=\"widget\" data-widget_type=\"button.default\">\n\t\t\t\t<div class=\"elementor-widget-container\">\n\t\t\t\t\t\t\t\t\t<div class=\"elementor-button-wrapper\">\n\t\t\t\t\t<a class=\"elementor-button elementor-button-link elementor-size-xs elementor-animation-grow\" href=\"https:\/\/love2dogs.de\/\">\n\t\t\t\t\t\t<span class=\"elementor-button-content-wrapper\">\n\t\t\t\t\t\t\t\t\t<span class=\"elementor-button-text\">Shop now<\/span>\n\t\t\t\t\t<\/span>\n\t\t\t\t\t<\/a>\n\t\t\t\t<\/div>\n\t\t\t\t\t\t\t\t<\/div>\n\t\t\t\t<\/div>\n\t\t\t\t\t<\/div>\n\t\t<\/div>\n\t\t\t\t\t<\/div>\n\t\t<\/section>\n\t\t\t\t<header class=\"elementor-section elementor-top-section elementor-element elementor-element-34dda55c elementor-section-content-middle elementor-hidden-desktop elementor-hidden-tablet elementor-section-boxed elementor-section-height-default elementor-section-height-default\" data-id=\"34dda55c\" data-element_type=\"section\" data-e-type=\"section\" data-settings=\"{&quot;background_background&quot;:&quot;classic&quot;,&quot;sticky&quot;:&quot;top&quot;,&quot;sticky_on&quot;:[&quot;desktop&quot;,&quot;tablet&quot;],&quot;sticky_offset&quot;:0,&quot;sticky_effects_offset&quot;:0,&quot;sticky_anchor_link_offset&quot;:0}\">\n\t\t\t\t\t\t<div class=\"elementor-container elementor-column-gap-no\">\n\t\t\t\t\t<div class=\"elementor-column elementor-col-100 elementor-top-column elementor-element elementor-element-143cb4e9\" data-id=\"143cb4e9\" data-element_type=\"column\" data-e-type=\"column\">\n\t\t\t<div class=\"elementor-widget-wrap elementor-element-populated\">\n\t\t\t\t\t\t<div class=\"elementor-element elementor-element-5e84c310 elementor-widget elementor-widget-theme-site-logo elementor-widget-image\" data-id=\"5e84c310\" data-element_type=\"widget\" data-e-type=\"widget\" data-widget_type=\"theme-site-logo.default\">\n\t\t\t\t<div class=\"elementor-widget-container\">\n\t\t\t\t\t\t\t\t\t\t\t<a href=\"https:\/\/love2dogs.de\/sk\/\">\n\t\t\t<img fetchpriority=\"high\" decoding=\"async\" width=\"1280\" height=\"364\" src=\"https:\/\/love2dogs.de\/wp-content\/uploads\/2020\/07\/LOVE2DOGS-1.jpg\" class=\"attachment-full size-full wp-image-31524\" alt=\"\" srcset=\"https:\/\/love2dogs.de\/wp-content\/uploads\/2020\/07\/LOVE2DOGS-1.jpg 1280w, https:\/\/love2dogs.de\/wp-content\/uploads\/2020\/07\/LOVE2DOGS-1-300x85.jpg 300w, https:\/\/love2dogs.de\/wp-content\/uploads\/2020\/07\/LOVE2DOGS-1-768x218.jpg 768w, https:\/\/love2dogs.de\/wp-content\/uploads\/2020\/07\/LOVE2DOGS-1-1024x291.jpg 1024w, https:\/\/love2dogs.de\/wp-content\/uploads\/2020\/07\/LOVE2DOGS-1-600x171.jpg 600w\" sizes=\"(max-width: 1280px) 100vw, 1280px\" \/>\t\t\t\t<\/a>\n\t\t\t\t\t\t\t\t\t\t\t<\/div>\n\t\t\t\t<\/div>\n\t\t\t\t\t<\/div>\n\t\t<\/div>\n\t\t\t\t\t<\/div>\n\t\t<\/header>\n\t\t\t\t<section class=\"elementor-section elementor-top-section elementor-element elementor-element-c2ba72c elementor-section-boxed elementor-section-height-default elementor-section-height-default\" data-id=\"c2ba72c\" data-element_type=\"section\" data-e-type=\"section\">\n\t\t\t\t\t\t<div class=\"elementor-container elementor-column-gap-default\">\n\t\t\t\t\t<div class=\"elementor-column elementor-col-100 elementor-top-column elementor-element elementor-element-6e7132f6\" data-id=\"6e7132f6\" data-element_type=\"column\" data-e-type=\"column\">\n\t\t\t<div class=\"elementor-widget-wrap elementor-element-populated\">\n\t\t\t\t\t\t<div class=\"elementor-element elementor-element-5c0b76d4 elementor-widget elementor-widget-text-editor\" data-id=\"5c0b76d4\" data-element_type=\"widget\" data-e-type=\"widget\" data-widget_type=\"text-editor.default\">\n\t\t\t\t<div class=\"elementor-widget-container\">\n\t\t\t\t\t\t\t\t\t<p lang=\"en-US\"><strong>I need to claim goods<\/strong><\/p><p lang=\"en-US\">Our policy lasts 30 days. If 30 days have gone by since your purchase was delivered, unfortunately, we can\u2019t offer you a refund or exchange.<\/p><p lang=\"en-US\">We do not accept returns for refund or exchange, at the exception of items damaged in transit. To be eligible for a refund, your item must be unused and in the same condition that you received it. It must also be in the original packaging.<\/p><p lang=\"en-US\"><strong>Refunds (if applicable)<\/strong><\/p><p lang=\"en-US\">To be eligible for a refund or exchange, you must first email us within 30 days of receiving the products at support@gvinvestment.freshdesk.com with pictures of the damaged items. Upon the receipt of the damaged item, we will ship out a replacement, if available. If a replacement is not available, we will refund the full purchase price of your item.<\/p><p lang=\"en-US\"><strong>Lost or Stolen Packages<\/strong><\/p><p lang=\"en-US\">G&amp;V investment s.r.o. is not responsible for lost or stolen packages confirmed to be delivered to the address entered for an order. Upon inquiry, G&amp;V investment s.r.o. will confirm the delivery to the address provided, date of delivery, tracking information, and shipping carrier information for the customer to investigate.<\/p><p lang=\"en-US\"><strong>Exchanges (if applicable)<\/strong><\/p><p lang=\"en-US\">We only replace items if they are defective or damaged. If you need to exchange an item, email us at support@gvinvestment.freshdesk.com<\/p><p lang=\"en-US\"><strong>Shipping<\/strong><\/p><p lang=\"en-US\">To return your product, you should mail your product to (FHB Group, Priemyseln\u00e1 3, Sv\u00e4t\u00fd Jur \u2013 900 21, Slovakia).<\/p><p lang=\"en-US\">You will be responsible for paying for your own shipping costs for returning your item. Shipping costs are non-refundable.<\/p>\t\t\t\t\t\t\t\t<\/div>\n\t\t\t\t<\/div>\n\t\t\t\t\t<\/div>\n\t\t<\/div>\n\t\t\t\t\t<\/div>\n\t\t<\/section>\n\t\t\t\t<section class=\"elementor-section elementor-top-section elementor-element elementor-element-28ed90ff elementor-section-content-middle elementor-section-boxed elementor-section-height-default elementor-section-height-default\" data-id=\"28ed90ff\" data-element_type=\"section\" data-e-type=\"section\" data-settings=\"{&quot;background_background&quot;:&quot;classic&quot;}\">\n\t\t\t\t\t\t<div class=\"elementor-container elementor-column-gap-no\">\n\t\t\t\t\t<div class=\"elementor-column elementor-col-100 elementor-top-column elementor-element elementor-element-74a8a90f\" data-id=\"74a8a90f\" data-element_type=\"column\" data-e-type=\"column\">\n\t\t\t<div class=\"elementor-widget-wrap elementor-element-populated\">\n\t\t\t\t\t\t<div class=\"elementor-element elementor-element-d5f576f elementor-widget elementor-widget-heading\" data-id=\"d5f576f\" data-element_type=\"widget\" data-e-type=\"widget\" data-widget_type=\"heading.default\">\n\t\t\t\t<div class=\"elementor-widget-container\">\n\t\t\t\t\t<h2 class=\"elementor-heading-title elementor-size-default\"><a href=\"\/terms-and-conditions\/\">Terms of Use<\/a> | <a href=\"\/privacy-policy\/\">Privacy Policy<\/a> | <a href=\"\/tracking\">Order Tracking<\/a>  | <a href=\"\/shipping-policy\">Shipping Policy<\/a> | <a href=\"\/contact\">Contact Form<\/a> | +1(607)258-1090<\/h2>\t\t\t\t<\/div>\n\t\t\t\t<\/div>\n\t\t\t\t<div class=\"elementor-element elementor-element-6d79a2d7 elementor-widget-divider--view-line elementor-widget elementor-widget-divider\" data-id=\"6d79a2d7\" data-element_type=\"widget\" data-e-type=\"widget\" data-widget_type=\"divider.default\">\n\t\t\t\t<div class=\"elementor-widget-container\">\n\t\t\t\t\t\t\t<div class=\"elementor-divider\">\n\t\t\t<span class=\"elementor-divider-separator\">\n\t\t\t\t\t\t<\/span>\n\t\t<\/div>\n\t\t\t\t\t\t<\/div>\n\t\t\t\t<\/div>\n\t\t\t\t<div class=\"elementor-element elementor-element-4c36d31e elementor-widget elementor-widget-heading\" data-id=\"4c36d31e\" data-element_type=\"widget\" data-e-type=\"widget\" data-widget_type=\"heading.default\">\n\t\t\t\t<div class=\"elementor-widget-container\">\n\t\t\t\t\t<div class=\"elementor-heading-title elementor-size-default\">Copyright 2026 | All rights Reserved | Design by Exclusive\u2122\ufe0f<\/div>\t\t\t\t<\/div>\n\t\t\t\t<\/div>\n\t\t\t\t<div class=\"elementor-element elementor-element-14cabe8e elementor-widget elementor-widget-heading\" data-id=\"14cabe8e\" data-element_type=\"widget\" data-e-type=\"widget\" data-widget_type=\"heading.default\">\n\t\t\t\t<div class=\"elementor-widget-container\">\n\t\t\t\t\t<h2 class=\"elementor-heading-title elementor-size-default\">G&amp;V investment s.r.o. - Ji\u010d\u00ednsk\u00e1 226\/17, \u017di\u017ekov, 130 00 Praha 3, I\u010cO: 06377998<\/h2>\t\t\t\t<\/div>\n\t\t\t\t<\/div>\n\t\t\t\t<div class=\"elementor-element elementor-element-43cc23dd elementor-widget elementor-widget-heading\" data-id=\"43cc23dd\" data-element_type=\"widget\" data-e-type=\"widget\" data-widget_type=\"heading.default\">\n\t\t\t\t<div class=\"elementor-widget-container\">\n\t\t\t\t\t<h2 class=\"elementor-heading-title elementor-size-default\">This site is not a part of the Facebook website or Facebook Inc. Additionally, this site is not endorsed by Facebook in any way. FACEBOOK is a trademark of FACEBOOK, Inc.<\/h2>\t\t\t\t<\/div>\n\t\t\t\t<\/div>\n\t\t\t\t<div class=\"elementor-element elementor-element-5e5128b3 elementor-widget elementor-widget-image\" data-id=\"5e5128b3\" data-element_type=\"widget\" data-e-type=\"widget\" data-widget_type=\"image.default\">\n\t\t\t\t<div class=\"elementor-widget-container\">\n\t\t\t\t\t\t\t\t\t\t\t\t\t\t\t<img decoding=\"async\" width=\"300\" height=\"63\" src=\"https:\/\/love2dogs.de\/wp-content\/uploads\/2020\/04\/cards-min-300x63.png\" class=\"attachment-medium size-medium wp-image-14651\" alt=\"\" srcset=\"https:\/\/love2dogs.de\/wp-content\/uploads\/2020\/04\/cards-min-300x63.png 300w, https:\/\/love2dogs.de\/wp-content\/uploads\/2020\/04\/cards-min.png 484w\" sizes=\"(max-width: 300px) 100vw, 300px\" \/>\t\t\t\t\t\t\t\t\t\t\t\t\t\t\t<\/div>\n\t\t\t\t<\/div>\n\t\t\t\t<div class=\"elementor-element elementor-element-266f1828 elementor-widget elementor-widget-shortcode\" data-id=\"266f1828\" data-element_type=\"widget\" data-e-type=\"widget\" data-widget_type=\"shortcode.default\">\n\t\t\t\t<div class=\"elementor-widget-container\">\n\t\t\t\t\t\t\t<div class=\"elementor-shortcode\"><div style=\"text-align:center;\">\n<div class=\"trp_language_switcher_shortcode\">\n<div class=\"trp-language-switcher trp-language-switcher-container\" data-no-translation >\n    <div class=\"trp-ls-shortcode-current-language\">\n        <a href=\"#\" class=\"trp-ls-shortcode-disabled-language trp-ls-disabled-language\" title=\"Sloven\u010dina\" onclick=\"event.preventDefault()\">\n\t\t\t<img decoding=\"async\" class=\"trp-flag-image\" src=\"https:\/\/love2dogs.de\/wp-content\/plugins\/translatepress-multilingual\/assets\/images\/flags\/sk_SK.png\" width=\"18\" height=\"12\" alt=\"sk_SK\" title=\"Sloven\u010dina\"> SK\t\t<\/a>\n    <\/div>\n    <div class=\"trp-ls-shortcode-language\">\n                <a href=\"#\" class=\"trp-ls-shortcode-disabled-language trp-ls-disabled-language\"  title=\"Sloven\u010dina\" onclick=\"event.preventDefault()\">\n\t\t\t<img decoding=\"async\" class=\"trp-flag-image\" src=\"https:\/\/love2dogs.de\/wp-content\/plugins\/translatepress-multilingual\/assets\/images\/flags\/sk_SK.png\" width=\"18\" height=\"12\" alt=\"sk_SK\" title=\"Sloven\u010dina\"> SK\t\t<\/a>\n                    <a href=\"https:\/\/love2dogs.de\/sk\/wp-json\/wp\/v2\/pages\/16421#TRPLINKPROCESSED\" title=\"English\">\n            <img loading=\"lazy\" decoding=\"async\" class=\"trp-flag-image\" src=\"https:\/\/love2dogs.de\/wp-content\/plugins\/translatepress-multilingual\/assets\/images\/flags\/en_US.png\" width=\"18\" height=\"12\" alt=\"en_US\" title=\"English\"> EN        <\/a>\n\n            <a href=\"https:\/\/love2dogs.de\/sk\/wp-json\/wp\/v2\/pages\/16421#TRPLINKPROCESSED\" title=\"Deutsch\">\n            <img loading=\"lazy\" decoding=\"async\" class=\"trp-flag-image\" src=\"https:\/\/love2dogs.de\/wp-content\/plugins\/translatepress-multilingual\/assets\/images\/flags\/de_DE.png\" width=\"18\" height=\"12\" alt=\"de_DE\" title=\"Deutsch\"> DE        <\/a>\n\n            <a href=\"https:\/\/love2dogs.de\/sk\/wp-json\/wp\/v2\/pages\/16421#TRPLINKPROCESSED\" title=\"Fran\u00e7ais\">\n            <img loading=\"lazy\" decoding=\"async\" class=\"trp-flag-image\" src=\"https:\/\/love2dogs.de\/wp-content\/plugins\/translatepress-multilingual\/assets\/images\/flags\/fr_FR.png\" width=\"18\" height=\"12\" alt=\"fr_FR\" title=\"Fran\u00e7ais\"> FR        <\/a>\n\n            <a href=\"https:\/\/love2dogs.de\/sk\/wp-json\/wp\/v2\/pages\/16421#TRPLINKPROCESSED\" title=\"Espa\u00f1ol\">\n            <img loading=\"lazy\" decoding=\"async\" class=\"trp-flag-image\" src=\"https:\/\/love2dogs.de\/wp-content\/plugins\/translatepress-multilingual\/assets\/images\/flags\/es_ES.png\" width=\"18\" height=\"12\" alt=\"es_ES\" title=\"Espa\u00f1ol\"> ES        <\/a>\n\n            <a href=\"https:\/\/love2dogs.de\/sk\/wp-json\/wp\/v2\/pages\/16421#TRPLINKPROCESSED\" title=\"Italiano\">\n            <img loading=\"lazy\" decoding=\"async\" class=\"trp-flag-image\" src=\"https:\/\/love2dogs.de\/wp-content\/plugins\/translatepress-multilingual\/assets\/images\/flags\/it_IT.png\" width=\"18\" height=\"12\" alt=\"it_IT\" title=\"Italiano\"> IT        <\/a>\n\n            <a href=\"https:\/\/love2dogs.de\/sk\/wp-json\/wp\/v2\/pages\/16421#TRPLINKPROCESSED\" title=\"English (UK)\">\n            <img loading=\"lazy\" decoding=\"async\" class=\"trp-flag-image\" src=\"https:\/\/love2dogs.de\/wp-content\/plugins\/translatepress-multilingual\/assets\/images\/flags\/en_GB.png\" width=\"18\" height=\"12\" alt=\"en_GB\" title=\"English (UK)\"> UK        <\/a>\n\n            <a href=\"https:\/\/love2dogs.de\/sk\/wp-json\/wp\/v2\/pages\/16421#TRPLINKPROCESSED\" title=\"Nederlands\">\n            <img loading=\"lazy\" decoding=\"async\" class=\"trp-flag-image\" src=\"https:\/\/love2dogs.de\/wp-content\/plugins\/translatepress-multilingual\/assets\/images\/flags\/nl_NL.png\" width=\"18\" height=\"12\" alt=\"nl_NL\" title=\"Nederlands\"> NL        <\/a>\n\n            <a href=\"https:\/\/love2dogs.de\/sk\/wp-json\/wp\/v2\/pages\/16421#TRPLINKPROCESSED\" title=\"Dansk\">\n            <img loading=\"lazy\" decoding=\"async\" class=\"trp-flag-image\" src=\"https:\/\/love2dogs.de\/wp-content\/plugins\/translatepress-multilingual\/assets\/images\/flags\/da_DK.png\" width=\"18\" height=\"12\" alt=\"da_DK\" title=\"Dansk\"> DA        <\/a>\n\n            <a href=\"https:\/\/love2dogs.de\/sk\/wp-json\/wp\/v2\/pages\/16421#TRPLINKPROCESSED\" title=\"Portugu\u00eas\">\n            <img loading=\"lazy\" decoding=\"async\" class=\"trp-flag-image\" src=\"https:\/\/love2dogs.de\/wp-content\/plugins\/translatepress-multilingual\/assets\/images\/flags\/pt_PT.png\" width=\"18\" height=\"12\" alt=\"pt_PT\" title=\"Portugu\u00eas\"> PT        <\/a>\n\n            <a href=\"https:\/\/love2dogs.de\/sk\/wp-json\/wp\/v2\/pages\/16421#TRPLINKPROCESSED\" title=\"Svenska\">\n            <img loading=\"lazy\" decoding=\"async\" class=\"trp-flag-image\" src=\"https:\/\/love2dogs.de\/wp-content\/plugins\/translatepress-multilingual\/assets\/images\/flags\/sv_SE.png\" width=\"18\" height=\"12\" alt=\"sv_SE\" title=\"Svenska\"> SE        <\/a>\n\n            <a href=\"https:\/\/love2dogs.de\/sk\/wp-json\/wp\/v2\/pages\/16421#TRPLINKPROCESSED\" title=\"Sloven\u0161\u010dina\">\n            <img loading=\"lazy\" decoding=\"async\" class=\"trp-flag-image\" src=\"https:\/\/love2dogs.de\/wp-content\/plugins\/translatepress-multilingual\/assets\/images\/flags\/sl_SI.png\" width=\"18\" height=\"12\" alt=\"sl_SI\" title=\"Sloven\u0161\u010dina\"> SL        <\/a>\n\n            <a href=\"https:\/\/love2dogs.de\/sk\/wp-json\/wp\/v2\/pages\/16421#TRPLINKPROCESSED\" title=\"\u0395\u03bb\u03bb\u03b7\u03bd\u03b9\u03ba\u03ac\">\n            <img loading=\"lazy\" decoding=\"async\" class=\"trp-flag-image\" src=\"https:\/\/love2dogs.de\/wp-content\/plugins\/translatepress-multilingual\/assets\/images\/flags\/el.png\" width=\"18\" height=\"12\" alt=\"el\" title=\"\u0395\u03bb\u03bb\u03b7\u03bd\u03b9\u03ba\u03ac\"> GR        <\/a>\n\n            <a href=\"https:\/\/love2dogs.de\/sk\/wp-json\/wp\/v2\/pages\/16421#TRPLINKPROCESSED\" title=\"Hrvatski\">\n            <img loading=\"lazy\" decoding=\"async\" class=\"trp-flag-image\" src=\"https:\/\/love2dogs.de\/wp-content\/plugins\/translatepress-multilingual\/assets\/images\/flags\/hr.png\" width=\"18\" height=\"12\" alt=\"hr\" title=\"Hrvatski\"> HR        <\/a>\n\n        <\/div>\n    <script type=\"application\/javascript\">\n        \/\/ need to have the same with set from JS on both divs. Otherwise it can push stuff around in HTML\n        var trp_ls_shortcodes = document.querySelectorAll('.trp_language_switcher_shortcode .trp-language-switcher');\n        if ( trp_ls_shortcodes.length > 0) {\n            \/\/ get the last language switcher added\n            var trp_el = trp_ls_shortcodes[trp_ls_shortcodes.length - 1];\n\n            var trp_shortcode_language_item = trp_el.querySelector( '.trp-ls-shortcode-language' )\n            \/\/ set width\n            var trp_ls_shortcode_width                                               = trp_shortcode_language_item.offsetWidth + 16;\n            trp_shortcode_language_item.style.width                                  = trp_ls_shortcode_width + 'px';\n            trp_el.querySelector( '.trp-ls-shortcode-current-language' ).style.width = trp_ls_shortcode_width + 'px';\n\n            \/\/ We're putting this on display: none after we have its width.\n            trp_shortcode_language_item.style.display = 'none';\n        }\n    <\/script>\n<\/div>\n<\/div>\n<\/div><\/div>\n\t\t\t\t\t\t<\/div>\n\t\t\t\t<\/div>\n\t\t\t\t\t<\/div>\n\t\t<\/div>\n\t\t\t\t\t<\/div>\n\t\t<\/section>\n\t\t\t\t<\/div>\n\t\t","protected":false},"excerpt":{"rendered":"<p>SALE: 50% OFF TODAY Shop now SALE: 50% OFF TODAY Shop now I need to claim goods Our policy lasts 30 days. If 30 days have gone by since your purchase was delivered, unfortunately, we can\u2019t offer you a refund or exchange. We do not accept returns for refund or exchange, at the exception of [&hellip;]<\/p>\n","protected":false},"author":1,"featured_media":0,"parent":0,"menu_order":0,"comment_status":"closed","ping_status":"closed","template":"elementor_canvas","meta":{"footnotes":""},"class_list":["post-16421","page","type-page","status-publish","hentry"],"_links":{"self":[{"href":"https:\/\/love2dogs.de\/sk\/wp-json\/wp\/v2\/pages\/16421","targetHints":{"allow":["GET"]}}],"collection":[{"href":"https:\/\/love2dogs.de\/sk\/wp-json\/wp\/v2\/pages"}],"about":[{"href":"https:\/\/love2dogs.de\/sk\/wp-json\/wp\/v2\/types\/page"}],"author":[{"embeddable":true,"href":"https:\/\/love2dogs.de\/sk\/wp-json\/wp\/v2\/users\/1"}],"replies":[{"embeddable":true,"href":"https:\/\/love2dogs.de\/sk\/wp-json\/wp\/v2\/comments?post=16421"}],"version-history":[{"count":0,"href":"https:\/\/love2dogs.de\/sk\/wp-json\/wp\/v2\/pages\/16421\/revisions"}],"wp:attachment":[{"href":"https:\/\/love2dogs.de\/sk\/wp-json\/wp\/v2\/media?parent=16421"}],"curies":[{"name":"wp","href":"https:\/\/api.w.org\/{rel}","templated":true}]}}